{"id":359,"date":"2026-02-07T06:19:41","date_gmt":"2026-02-07T05:19:41","guid":{"rendered":"https:\/\/kuonen-carrelage.ch\/?page_id=359"},"modified":"2026-02-07T06:28:09","modified_gmt":"2026-02-07T05:28:09","slug":"site-suspendu-pour-raison-administrative","status":"publish","type":"page","link":"https:\/\/kuonen-carrelage.ch\/de\/site-suspendu-pour-raison-administrative\/","title":{"rendered":"Website aus administrativen Gr\u00fcnden gesperrt"},"content":{"rendered":"<p>[et_pb_section fb_built=\u00a0\u00bb1&Prime; _builder_version=\u00a0\u00bb4.27.5&Prime; _module_preset=\u00a0\u00bbdefault\u00a0\u00bb background_enable_image=\u00a0\u00bboff\u00a0\u00bb min_height=\u00a0\u00bb100vh\u00a0\u00bb custom_margin=\u00a0\u00bb0px||0px||false|false\u00a0\u00bb custom_padding=\u00a0\u00bb0px||0px||false|false\u00a0\u00bb background_last_edited=\u00a0\u00bbon|phone\u00a0\u00bb background_enable_image_tablet=\u00a0\u00bboff\u00a0\u00bb background_enable_image_phone=\u00a0\u00bboff\u00a0\u00bb background_size_tablet=\u00a0\u00bbcover\u00a0\u00bb background_size_phone=\u00a0\u00bbcontain\u00a0\u00bb background_position_phone=\u00a0\u00bbtop_center\u00a0\u00bb global_colors_info=\u00a0\u00bb{}\u00a0\u00bb][et_pb_row _builder_version=\u00a0\u00bb4.27.5&Prime; _module_preset=\u00a0\u00bbdefault\u00a0\u00bb custom_margin=\u00a0\u00bb0px||0px||false|false\u00a0\u00bb custom_padding=\u00a0\u00bb0px||0px||false|false\u00a0\u00bb global_colors_info=\u00a0\u00bb{}\u00a0\u00bb][et_pb_column type=\u00a0\u00bb4_4&Prime; _builder_version=\u00a0\u00bb4.27.5&Prime; _module_preset=\u00a0\u00bbdefault\u00a0\u00bb global_colors_info=\u00a0\u00bb{}\u00a0\u00bb][et_pb_image src=\u00a0\u00bbhttps:\/\/kuonen-carrelage.ch\/wp-content\/uploads\/2026\/02\/siteSuspendu-court.png\u00a0\u00bb title_text=\u00a0\u00bbsiteSuspendu-court\u00a0\u00bb _builder_version=\u00a0\u00bb4.27.5&Prime; _module_preset=\u00a0\u00bbdefault\u00a0\u00bb global_colors_info=\u00a0\u00bb{}\u00a0\u00bb][\/et_pb_image][et_pb_text _builder_version=\u00a0\u00bb4.27.5&Prime; _module_preset=\u00a0\u00bbdefault\u00a0\u00bb text_font=\u00a0\u00bb|800|||||||\u00a0\u00bb text_text_color=\u00a0\u00bb#000000&Prime; text_font_size=\u00a0\u00bb50px\u00a0\u00bb text_orientation=\u00a0\u00bbcenter\u00a0\u00bb text_font_size_tablet=\u00a0\u00bb30px\u00a0\u00bb text_font_size_phone=\u00a0\u00bb30px\u00a0\u00bb text_font_size_last_edited=\u00a0\u00bbon|phone\u00a0\u00bb global_colors_info=\u00a0\u00bb{}\u00a0\u00bb]<\/p>\n<p>Ce site est temporairement indisponible<\/p>\n<p>[\/et_pb_text][et_pb_text _builder_version=\u00a0\u00bb4.27.5&Prime; _module_preset=\u00a0\u00bbdefault\u00a0\u00bb text_text_color=\u00a0\u00bb#000000&Prime; text_font_size=\u00a0\u00bb21px\u00a0\u00bb text_orientation=\u00a0\u00bbcenter\u00a0\u00bb global_colors_info=\u00a0\u00bb{}\u00a0\u00bb]<\/p>\n<p>La publication de ce site internet est actuellement suspendue pour des raisons administratives. <br \/>Une fois la situation r\u00e9gularis\u00e9e, l\u2019acc\u00e8s sera automatiquement r\u00e9tabli. <br \/>Merci pour votre compr\u00e9hension.<\/p>\n<p>[\/et_pb_text][et_pb_text _builder_version=\u00a0\u00bb4.27.5&Prime; _module_preset=\u00a0\u00bbdefault\u00a0\u00bb text_font=\u00a0\u00bb|300|||||||\u00a0\u00bb text_text_color=\u00a0\u00bb#000000&Prime; text_font_size=\u00a0\u00bb13px\u00a0\u00bb text_line_height=\u00a0\u00bb1.3em\u00a0\u00bb hover_enabled=\u00a0\u00bb0&Prime; global_colors_info=\u00a0\u00bb{}\u00a0\u00bb text_orientation=\u00a0\u00bbjustified\u00a0\u00bb sticky_enabled=\u00a0\u00bb0&Prime;]<\/p>\n<p><strong>Avis l\u00e9gal et clause de non-responsabilit\u00e9<br \/><\/strong>Le pr\u00e9sent avis de suspension est publi\u00e9 par le prestataire de services en charge de l\u2019h\u00e9bergement et de la maintenance technique du site, conform\u00e9ment aux conditions contractuelles en vigueur (conditions g\u00e9n\u00e9rales de vente, art 10.11). Les informations affich\u00e9es sur cette page ont un caract\u00e8re purement informatif et factuel. Elles ne visent en aucun cas \u00e0 nuire \u00e0 la r\u00e9putation ou aux activit\u00e9s de la soci\u00e9t\u00e9 mentionn\u00e9e, mais uniquement \u00e0 informer de la suspension temporaire de la publication du site pour des motifs contractuels. Toute r\u00e9gularisation de la situation entra\u00eenera la r\u00e9activation du site sous 3 jours ouvr\u00e9s.<\/p>\n<p>[\/et_pb_text][et_pb_text _builder_version=\u00a0\u00bb4.27.5&Prime; _module_preset=\u00a0\u00bbdefault\u00a0\u00bb text_font=\u00a0\u00bb|300|||||||\u00a0\u00bb text_text_color=\u00a0\u00bb#000000&Prime; text_font_size=\u00a0\u00bb11px\u00a0\u00bb text_line_height=\u00a0\u00bb1.2em\u00a0\u00bb link_font=\u00a0\u00bb||||on||||\u00a0\u00bb link_text_color=\u00a0\u00bb#000000&Prime; global_colors_info=\u00a0\u00bb{}\u00a0\u00bb]<\/p>\n<p style=\"text-align: center;\">Le pr\u00e9sent site est g\u00e9r\u00e9 par Novagency Co.,Ltd, soci\u00e9t\u00e9 enregistr\u00e9e en Tha\u00eflande.<br \/>Pour toute question ou information compl\u00e9mentaire concernant ce site, vous pouvez nous contacter \u00e0 <a href=\"mailto:info@novagency.ch.\">info@novagency.ch. <\/a><br \/>Sauf disposition contraire expresse dans le contrat de service, tout diff\u00e9rend \u00e9ventuel rel\u00e8ve du droit tha\u00eflandais et de la juridiction comp\u00e9tente de Chonburi.<\/p>\n<p>[\/et_pb_text][\/et_pb_column][\/et_pb_row][\/et_pb_section]<\/p>\n","protected":false},"excerpt":{"rendered":"<p>Ce site est temporairement indisponibleLa publication de ce site internet est actuellement suspendue pour des raisons administratives. Une fois la situation r\u00e9gularis\u00e9e, l\u2019acc\u00e8s sera automatiquement r\u00e9tabli. Merci pour votre compr\u00e9hension.Avis l\u00e9gal et clause de non-responsabilit\u00e9Le pr\u00e9sent avis de suspension est publi\u00e9 par le prestataire de services en charge de l\u2019h\u00e9bergement et de la maintenance technique [&hellip;]<\/p>\n","protected":false},"author":1,"featured_media":0,"parent":0,"menu_order":0,"comment_status":"closed","ping_status":"closed","template":"","meta":{"_et_pb_use_builder":"on","_et_pb_old_content":"","_et_gb_content_width":"","footnotes":""},"class_list":["post-359","page","type-page","status-publish","hentry"],"_links":{"self":[{"href":"https:\/\/kuonen-carrelage.ch\/de\/wp-json\/wp\/v2\/pages\/359","targetHints":{"allow":["GET"]}}],"collection":[{"href":"https:\/\/kuonen-carrelage.ch\/de\/wp-json\/wp\/v2\/pages"}],"about":[{"href":"https:\/\/kuonen-carrelage.ch\/de\/wp-json\/wp\/v2\/types\/page"}],"author":[{"embeddable":true,"href":"https:\/\/kuonen-carrelage.ch\/de\/wp-json\/wp\/v2\/users\/1"}],"replies":[{"embeddable":true,"href":"https:\/\/kuonen-carrelage.ch\/de\/wp-json\/wp\/v2\/comments?post=359"}],"version-history":[{"count":6,"href":"https:\/\/kuonen-carrelage.ch\/de\/wp-json\/wp\/v2\/pages\/359\/revisions"}],"predecessor-version":[{"id":370,"href":"https:\/\/kuonen-carrelage.ch\/de\/wp-json\/wp\/v2\/pages\/359\/revisions\/370"}],"wp:attachment":[{"href":"https:\/\/kuonen-carrelage.ch\/de\/wp-json\/wp\/v2\/media?parent=359"}],"curies":[{"name":"wp","href":"https:\/\/api.w.org\/{rel}","templated":true}]}}